{"id":42,"date":"2023-06-15T18:14:29","date_gmt":"2023-06-15T16:14:29","guid":{"rendered":"http:\/\/boost-achat.be\/?page_id=42"},"modified":"2025-10-17T06:54:54","modified_gmt":"2025-10-17T04:54:54","slug":"faq","status":"publish","type":"page","link":"https:\/\/boost-achat.be\/?page_id=42","title":{"rendered":"FAQ"},"content":{"rendered":"<p>[et_pb_section fb_built=\u00a0\u00bb1&Prime; make_equal=\u00a0\u00bbon\u00a0\u00bb use_custom_gutter=\u00a0\u00bbon\u00a0\u00bb gutter_width=\u00a0\u00bb1&Prime; specialty=\u00a0\u00bbon\u00a0\u00bb bg_img_1=\u00a0\u00bbhttps:\/\/boost-achat.be\/wp-content\/uploads\/2023\/06\/bu00rklr.png\u00a0\u00bb background_size_1=\u00a0\u00bbcover\u00a0\u00bb admin_label=\u00a0\u00bbHero\u00a0\u00bb _builder_version=\u00a0\u00bb4.24.2&Prime; inner_width=\u00a0\u00bb100%\u00a0\u00bb inner_max_width=\u00a0\u00bb100%\u00a0\u00bb custom_padding=\u00a0\u00bb0px||0px||false|false\u00a0\u00bb bottom_divider_style=\u00a0\u00bbslant\u00a0\u00bb bottom_divider_color=\u00a0\u00bbgcid-fd411c21-27a0-4974-8a30-c24ee4b2e5e2&Prime; bottom_divider_flip=\u00a0\u00bbhorizontal\u00a0\u00bb bottom_divider_arrangement=\u00a0\u00bbabove_content\u00a0\u00bb use_custom_width=\u00a0\u00bbon\u00a0\u00bb width_unit=\u00a0\u00bboff\u00a0\u00bb custom_width_percent=\u00a0\u00bb100%\u00a0\u00bb global_colors_info=\u00a0\u00bb{%22gcid-fd411c21-27a0-4974-8a30-c24ee4b2e5e2%22:%91%22bottom_divider_color%22%93}\u00a0\u00bb][et_pb_column type=\u00a0\u00bb1_2&Prime; _builder_version=\u00a0\u00bb4.16&Prime; custom_padding=\u00a0\u00bb|||\u00a0\u00bb global_colors_info=\u00a0\u00bb{}\u00a0\u00bb custom_padding__hover=\u00a0\u00bb|||\u00a0\u00bb][et_pb_divider show_divider=\u00a0\u00bboff\u00a0\u00bb _builder_version=\u00a0\u00bb4.16&Prime; height=\u00a0\u00bb300px\u00a0\u00bb global_colors_info=\u00a0\u00bb{}\u00a0\u00bb][\/et_pb_divider][\/et_pb_column][et_pb_column type=\u00a0\u00bb1_2&Prime; specialty_columns=\u00a0\u00bb2&Prime; _builder_version=\u00a0\u00bb4.16&Prime; custom_padding=\u00a0\u00bb|||\u00a0\u00bb global_colors_info=\u00a0\u00bb{}\u00a0\u00bb custom_padding__hover=\u00a0\u00bb|||\u00a0\u00bb][et_pb_row_inner admin_label=\u00a0\u00bbText\u00a0\u00bb _builder_version=\u00a0\u00bb4.16&Prime; custom_padding=\u00a0\u00bb|6%||6%||true\u00a0\u00bb global_colors_info=\u00a0\u00bb{}\u00a0\u00bb][et_pb_column_inner saved_specialty_column_type=\u00a0\u00bb1_2&Prime; _builder_version=\u00a0\u00bb4.16&Prime; custom_padding=\u00a0\u00bb|||\u00a0\u00bb global_colors_info=\u00a0\u00bb{}\u00a0\u00bb custom_padding__hover=\u00a0\u00bb|||\u00a0\u00bb][et_pb_text _builder_version=\u00a0\u00bb4.25.0&Prime; text_font=\u00a0\u00bbLato||||||||\u00a0\u00bb text_font_size=\u00a0\u00bb18px\u00a0\u00bb text_line_height=\u00a0\u00bb1.8em\u00a0\u00bb header_font=\u00a0\u00bbSemplicitaProBold|700|||||||\u00a0\u00bb header_font_size=\u00a0\u00bb46px\u00a0\u00bb header_line_height=\u00a0\u00bb1.3em\u00a0\u00bb header_2_font=\u00a0\u00bb||||||||\u00a0\u00bb max_width=\u00a0\u00bb600px\u00a0\u00bb module_alignment=\u00a0\u00bbleft\u00a0\u00bb custom_margin=\u00a0\u00bb-4px||-4px||true|false\u00a0\u00bb custom_margin_last_edited=\u00a0\u00bboff|desktop\u00a0\u00bb custom_padding=\u00a0\u00bb|||\u00a0\u00bb custom_padding_tablet=\u00a0\u00bb|0vw||0vw||true\u00a0\u00bb custom_padding_phone=\u00a0\u00bb|||||false\u00a0\u00bb custom_padding_last_edited=\u00a0\u00bboff|desktop\u00a0\u00bb animation_style=\u00a0\u00bbslide\u00a0\u00bb animation_direction=\u00a0\u00bbbottom\u00a0\u00bb animation_intensity_slide=\u00a0\u00bb5%\u00a0\u00bb header_font_size_tablet=\u00a0\u00bb36px\u00a0\u00bb header_font_size_phone=\u00a0\u00bb23px\u00a0\u00bb header_font_size_last_edited=\u00a0\u00bbon|phone\u00a0\u00bb locked=\u00a0\u00bboff\u00a0\u00bb global_colors_info=\u00a0\u00bb{}\u00a0\u00bb]<\/p>\n<h1>Besoin d&rsquo;\u00e9claircissements ?<\/h1>\n<h1><\/h1>\n<h1>Nous r\u00e9pondons \u00e0 toutes vos questions !<\/h1>\n<p>&nbsp;<\/p>\n<p>[\/et_pb_text][\/et_pb_column_inner][\/et_pb_row_inner][\/et_pb_column][\/et_pb_section][et_pb_section fb_built=\u00a0\u00bb1&Prime; admin_label=\u00a0\u00bbAbout\u00a0\u00bb _builder_version=\u00a0\u00bb4.23.1&Prime; background_color=\u00a0\u00bbgcid-fd411c21-27a0-4974-8a30-c24ee4b2e5e2&Prime; custom_padding=\u00a0\u00bb80px|0px|80px|0px|true|false\u00a0\u00bb global_colors_info=\u00a0\u00bb{%22gcid-fd411c21-27a0-4974-8a30-c24ee4b2e5e2%22:%91%22background_color%22%93}\u00a0\u00bb][et_pb_row _builder_version=\u00a0\u00bb4.23.1&Prime; use_custom_width=\u00a0\u00bbon\u00a0\u00bb locked=\u00a0\u00bboff\u00a0\u00bb global_colors_info=\u00a0\u00bb{}\u00a0\u00bb][et_pb_column type=\u00a0\u00bb4_4&Prime; _builder_version=\u00a0\u00bb4.21.0&Prime; background_color=\u00a0\u00bb#FFFFFF\u00a0\u00bb custom_padding=\u00a0\u00bb|||\u00a0\u00bb global_colors_info=\u00a0\u00bb{}\u00a0\u00bb custom_padding__hover=\u00a0\u00bb|||\u00a0\u00bb][et_pb_text admin_label=\u00a0\u00bbText\u00a0\u00bb _builder_version=\u00a0\u00bb4.24.2&Prime; text_font=\u00a0\u00bbLato||||||||\u00a0\u00bb text_text_color=\u00a0\u00bb#FFFFFF\u00a0\u00bb text_font_size=\u00a0\u00bb18px\u00a0\u00bb text_line_height=\u00a0\u00bb1.8em\u00a0\u00bb link_font=\u00a0\u00bb||||||||\u00a0\u00bb ul_font=\u00a0\u00bb||||||||\u00a0\u00bb ol_font=\u00a0\u00bb||||||||\u00a0\u00bb quote_font=\u00a0\u00bb||||||||\u00a0\u00bb header_font=\u00a0\u00bb||||||||\u00a0\u00bb header_2_font=\u00a0\u00bbLato|700|||||||\u00a0\u00bb header_2_text_color=\u00a0\u00bb#FFFFFF\u00a0\u00bb header_2_font_size=\u00a0\u00bb40px\u00a0\u00bb header_2_letter_spacing=\u00a0\u00bb1px\u00a0\u00bb header_2_line_height=\u00a0\u00bb1.5em\u00a0\u00bb header_3_font=\u00a0\u00bb||||||||\u00a0\u00bb header_4_font=\u00a0\u00bb||||||||\u00a0\u00bb header_5_font=\u00a0\u00bb||||||||\u00a0\u00bb header_6_font=\u00a0\u00bbLato|700|||||||\u00a0\u00bb header_6_font_size=\u00a0\u00bb18px\u00a0\u00bb header_6_letter_spacing=\u00a0\u00bb1px\u00a0\u00bb header_6_line_height=\u00a0\u00bb1.8em\u00a0\u00bb background_color=\u00a0\u00bbgcid-beec5767-d07d-43a4-8d7f-04c5a87a5906&Prime; text_orientation=\u00a0\u00bbright\u00a0\u00bb custom_margin=\u00a0\u00bb-50px||0px||false|false\u00a0\u00bb custom_padding=\u00a0\u00bb||0px||false|false\u00a0\u00bb header_2_font_size_tablet=\u00a0\u00bb\u00a0\u00bb header_2_font_size_phone=\u00a0\u00bb22px\u00a0\u00bb header_2_font_size_last_edited=\u00a0\u00bbon|phone\u00a0\u00bb global_colors_info=\u00a0\u00bb{%22gcid-beec5767-d07d-43a4-8d7f-04c5a87a5906%22:%91%22background_color%22%93}\u00a0\u00bb]<\/p>\n<h2 style=\"text-align: center;\">Questions fr\u00e9quentes<\/h2>\n<p style=\"text-align: center;\">Consultez notre FAQ<\/p>\n<p style=\"text-align: center;\">Un doute subsiste? N&rsquo;h\u00e9sitez pas \u00e0 nous <a href=\"https:\/\/boost-achat.be\/?page_id=16\" target=\"_blank\" rel=\"noopener\">contacter<\/a><\/p>\n<p>[\/et_pb_text][et_pb_toggle title=\u00a0\u00bbQue se passe-t-il si le bien est vendu apr\u00e8s ma commande de service Boost ?\u00a0\u00bb open_toggle_background_color=\u00a0\u00bb#f4f7fc\u00a0\u00bb closed_toggle_background_color=\u00a0\u00bb#f4f7fc\u00a0\u00bb icon_color=\u00a0\u00bb#345168&Prime; open_icon_color=\u00a0\u00bb#345168&Prime; _builder_version=\u00a0\u00bb4.21.0&Prime; title_font=\u00a0\u00bbLato|700|||||||\u00a0\u00bb title_line_height=\u00a0\u00bb1.5em\u00a0\u00bb body_font=\u00a0\u00bb||||||||\u00a0\u00bb body_font_size=\u00a0\u00bb16px\u00a0\u00bb body_line_height=\u00a0\u00bb2em\u00a0\u00bb custom_margin=\u00a0\u00bb||0px|\u00a0\u00bb animation_style=\u00a0\u00bbslide\u00a0\u00bb animation_direction=\u00a0\u00bbtop\u00a0\u00bb animation_intensity_slide=\u00a0\u00bb10%\u00a0\u00bb border_width_all=\u00a0\u00bb4px\u00a0\u00bb border_color_all=\u00a0\u00bb#FFFFFF\u00a0\u00bb global_colors_info=\u00a0\u00bb{}\u00a0\u00bb]<\/p>\n<p>Vous utiliserez la commande pour un autre bien de votre choix, ou nous vous rembourserons.<\/p>\n<p>[\/et_pb_toggle][et_pb_toggle title=\u00a0\u00bbPuis-je d\u00e9marrer avec le pack START et changer de pack en cours de mission ?\u00a0\u00bb open_toggle_background_color=\u00a0\u00bb#f4f7fc\u00a0\u00bb closed_toggle_background_color=\u00a0\u00bb#f4f7fc\u00a0\u00bb icon_color=\u00a0\u00bb#345168&Prime; open_icon_color=\u00a0\u00bb#345168&Prime; _builder_version=\u00a0\u00bb4.21.0&Prime; title_font=\u00a0\u00bbLato|700|||||||\u00a0\u00bb title_line_height=\u00a0\u00bb1.5em\u00a0\u00bb body_font=\u00a0\u00bb||||||||\u00a0\u00bb body_font_size=\u00a0\u00bb16px\u00a0\u00bb body_line_height=\u00a0\u00bb2em\u00a0\u00bb custom_margin=\u00a0\u00bb||0px|\u00a0\u00bb animation_style=\u00a0\u00bbslide\u00a0\u00bb animation_direction=\u00a0\u00bbtop\u00a0\u00bb animation_intensity_slide=\u00a0\u00bb10%\u00a0\u00bb border_width_all=\u00a0\u00bb4px\u00a0\u00bb border_color_all=\u00a0\u00bb#FFFFFF\u00a0\u00bb global_colors_info=\u00a0\u00bb{}\u00a0\u00bb]<\/p>\n<p>Oui bien s\u00fbr. Nous d\u00e9compterons, du prix de la nouvelle mission, le prix d\u00e9j\u00e0 pay\u00e9 lors du 1er pack.<\/p>\n<p>[\/et_pb_toggle][et_pb_toggle title=\u00a0\u00bbPourquoi faire appel \u00e0 Boost-Achat pour un projet immobilier ?\u00a0\u00bb open_toggle_background_color=\u00a0\u00bb#f4f7fc\u00a0\u00bb closed_toggle_background_color=\u00a0\u00bb#f4f7fc\u00a0\u00bb icon_color=\u00a0\u00bb#345168&Prime; open_icon_color=\u00a0\u00bb#345168&Prime; _builder_version=\u00a0\u00bb4.23.1&Prime; title_font=\u00a0\u00bbLato|700|||||||\u00a0\u00bb title_line_height=\u00a0\u00bb1.5em\u00a0\u00bb body_font=\u00a0\u00bb||||||||\u00a0\u00bb body_font_size=\u00a0\u00bb16px\u00a0\u00bb body_line_height=\u00a0\u00bb2em\u00a0\u00bb custom_margin=\u00a0\u00bb||0px|\u00a0\u00bb animation_style=\u00a0\u00bbslide\u00a0\u00bb animation_direction=\u00a0\u00bbtop\u00a0\u00bb animation_intensity_slide=\u00a0\u00bb10%\u00a0\u00bb border_width_all=\u00a0\u00bb4px\u00a0\u00bb border_color_all=\u00a0\u00bb#FFFFFF\u00a0\u00bb global_colors_info=\u00a0\u00bb{}\u00a0\u00bb]<\/p>\n<p>Gr\u00e2ce \u00e0 notre expertise en mati\u00e8re de construction et immobilier, Boost-Achat est avant tout un pr\u00e9cieux atout pour vous d\u00e9tailler, dans un rapport complet, l&rsquo;\u00e9tat du bien et vous \u00e9viter d&rsquo;\u00e9normes ennuis. Nous allons encore plus loin. En tant que sp\u00e9cialiste des achats, nous vous conseillons sur la valeur et la mani\u00e8re de mener les discussions avec les vendeurs\/agences immobili\u00e8res ainsi qu&rsquo;avec les banques et assureurs. Les gains potentiels repr\u00e9sentent des dizaines de milliers d&rsquo;euros sur la dur\u00e9e de votre cr\u00e9dit depuis l&rsquo;achat.<\/p>\n<p>[\/et_pb_toggle][et_pb_toggle title=\u00a0\u00bbEst-il possible de faire appel \u00e0 Boost pour des besoins ponctuels non repris dans vos services ?\u00a0\u00bb open_toggle_background_color=\u00a0\u00bb#f4f7fc\u00a0\u00bb closed_toggle_background_color=\u00a0\u00bb#f4f7fc\u00a0\u00bb icon_color=\u00a0\u00bb#345168&Prime; open_icon_color=\u00a0\u00bb#345168&Prime; _builder_version=\u00a0\u00bb4.21.0&Prime; title_font=\u00a0\u00bbLato|700|||||||\u00a0\u00bb title_line_height=\u00a0\u00bb1.5em\u00a0\u00bb body_font=\u00a0\u00bb||||||||\u00a0\u00bb body_font_size=\u00a0\u00bb16px\u00a0\u00bb body_line_height=\u00a0\u00bb2em\u00a0\u00bb custom_margin=\u00a0\u00bb||0px|\u00a0\u00bb animation_style=\u00a0\u00bbslide\u00a0\u00bb animation_direction=\u00a0\u00bbtop\u00a0\u00bb animation_intensity_slide=\u00a0\u00bb10%\u00a0\u00bb border_width_all=\u00a0\u00bb4px\u00a0\u00bb border_color_all=\u00a0\u00bb#FFFFFF\u00a0\u00bb global_colors_info=\u00a0\u00bb{}\u00a0\u00bb]<\/p>\n<p>Bien entendu ! Boost est, exclusivement, au service des acheteurs. Notre priorit\u00e9 est, avant tout, de vous aider \u00e0 \u00ab\u00a0Booster\u00a0\u00bb vos achats. C&rsquo;est notre ADN.<\/p>\n<p>[\/et_pb_toggle][et_pb_toggle title=\u00a0\u00bbJ&rsquo;ai s\u00e9lectionn\u00e9 plusieurs biens que j&rsquo;aimerais visiter avec un Booster. Est-ce possible? A quelles conditions ?\u00a0\u00bb open_toggle_background_color=\u00a0\u00bb#f4f7fc\u00a0\u00bb closed_toggle_background_color=\u00a0\u00bb#f4f7fc\u00a0\u00bb icon_color=\u00a0\u00bb#345168&Prime; open_icon_color=\u00a0\u00bb#345168&Prime; _builder_version=\u00a0\u00bb4.24.2&Prime; title_font=\u00a0\u00bbLato|700|||||||\u00a0\u00bb title_line_height=\u00a0\u00bb1.5em\u00a0\u00bb body_font=\u00a0\u00bb||||||||\u00a0\u00bb body_font_size=\u00a0\u00bb16px\u00a0\u00bb body_line_height=\u00a0\u00bb2em\u00a0\u00bb custom_margin=\u00a0\u00bb||0px|\u00a0\u00bb animation_style=\u00a0\u00bbslide\u00a0\u00bb animation_direction=\u00a0\u00bbtop\u00a0\u00bb animation_intensity_slide=\u00a0\u00bb10%\u00a0\u00bb border_width_all=\u00a0\u00bb4px\u00a0\u00bb border_color_all=\u00a0\u00bb#FFFFFF\u00a0\u00bb global_colors_info=\u00a0\u00bb{}\u00a0\u00bb]<\/p>\n<p>Evidemment, quoi de plus normal ! Nous voulons vous aider \u00e0 faire le meilleur choix. Notre formule Start pr\u00e9voit l&rsquo;expertise et l&rsquo;\u00e9valuation d&rsquo;un bien. Vous pouvez pr\u00e9voir autant de visites suppl\u00e9mentaires que vous le souhaitez. N&rsquo;h\u00e9sitez pas \u00e0 nous contacter.\u00a0 Nous pourrons vous fournir une offre d\u00e9taill\u00e9e, selon la localisation des diff\u00e9rents biens.<\/p>\n<p>[\/et_pb_toggle][\/et_pb_column][\/et_pb_row][\/et_pb_section][et_pb_section fb_built=\u00a0\u00bb1&Prime; _builder_version=\u00a0\u00bb4.24.1&Prime; _module_preset=\u00a0\u00bbdefault\u00a0\u00bb background_image=\u00a0\u00bbhttps:\/\/boost-achat.be\/wp-content\/uploads\/2024\/02\/Boost_logo_blanc.jpg\u00a0\u00bb background_size=\u00a0\u00bbcustom\u00a0\u00bb background_image_width=\u00a0\u00bb16%\u00a0\u00bb background_position=\u00a0\u00bbcenter_right\u00a0\u00bb custom_padding=\u00a0\u00bb77px||6px|||\u00a0\u00bb global_colors_info=\u00a0\u00bb{}\u00a0\u00bb][\/et_pb_section]<\/p>\n","protected":false},"excerpt":{"rendered":"<p>Besoin d&rsquo;\u00e9claircissements ? Nous r\u00e9pondons \u00e0 toutes vos questions ! &nbsp;Questions fr\u00e9quentes Consultez notre FAQ Un doute subsiste? N&rsquo;h\u00e9sitez pas \u00e0 nous contacterVous utiliserez la commande pour un autre bien de votre choix, ou nous vous rembourserons.Oui bien s\u00fbr. Nous d\u00e9compterons, du prix de la nouvelle mission, le prix d\u00e9j\u00e0 pay\u00e9 lors du 1er pack.Gr\u00e2ce [&hellip;]<\/p>\n","protected":false},"author":1,"featured_media":0,"parent":0,"menu_order":0,"comment_status":"closed","ping_status":"closed","template":"","meta":{"_et_pb_use_builder":"on","_et_pb_old_content":"<!-- wp:divi\/placeholder \/-->","_et_gb_content_width":"","footnotes":""},"class_list":["post-42","page","type-page","status-publish","hentry"],"_links":{"self":[{"href":"https:\/\/boost-achat.be\/index.php?rest_route=\/wp\/v2\/pages\/42","targetHints":{"allow":["GET"]}}],"collection":[{"href":"https:\/\/boost-achat.be\/index.php?rest_route=\/wp\/v2\/pages"}],"about":[{"href":"https:\/\/boost-achat.be\/index.php?rest_route=\/wp\/v2\/types\/page"}],"author":[{"embeddable":true,"href":"https:\/\/boost-achat.be\/index.php?rest_route=\/wp\/v2\/users\/1"}],"replies":[{"embeddable":true,"href":"https:\/\/boost-achat.be\/index.php?rest_route=%2Fwp%2Fv2%2Fcomments&post=42"}],"version-history":[{"count":35,"href":"https:\/\/boost-achat.be\/index.php?rest_route=\/wp\/v2\/pages\/42\/revisions"}],"predecessor-version":[{"id":1502,"href":"https:\/\/boost-achat.be\/index.php?rest_route=\/wp\/v2\/pages\/42\/revisions\/1502"}],"wp:attachment":[{"href":"https:\/\/boost-achat.be\/index.php?rest_route=%2Fwp%2Fv2%2Fmedia&parent=42"}],"curies":[{"name":"wp","href":"https:\/\/api.w.org\/{rel}","templated":true}]}}